{"id":33731,"date":"2018-05-25T14:06:26","date_gmt":"2018-05-25T12:06:26","guid":{"rendered":"https:\/\/www.unicusano.it\/blog\/?page_id=33731"},"modified":"2018-05-31T16:40:53","modified_gmt":"2018-05-31T14:40:53","slug":"privacy-2018","status":"publish","type":"page","link":"https:\/\/www.unicusano.it\/blog\/privacy-2018\/","title":{"rendered":"Privacy 2018"},"content":{"rendered":"<p>Informativa ai sensi dell\u2019art. 13 del Regolamento (UE) n. 679\/2016 c.d. GDPR<\/p>\n<p>Vi informiamo, ai sensi dell\u2019art.13 del Regolamento UE 2016\/679 (c.d. Regolamento Generale per la protezione dei dati personali \u2013 c.d. GDPR) e del decreto Legislativo 30 giugno 2003, n. 196 \u201cCodice in materia di protezione dei dati personali\u201d, che i Vostri dati personali raccolti presso di noi, ovvero altrimenti da noi acquisiti, anche in futuro, saranno oggetto di trattamento da parte nostra in qualit\u00e0 di \u201cTitolare\u201d, anche con l\u2019ausilio di mezzi elettronici e\/o automatizzati e sempre nel pieno rispetto della normativa applicabile, per le seguenti finalit\u00e0 del trattamento:<\/p>\n<p>1)\tattivit\u00e0 istituzionali dell&#8217;Universit\u00e0: la stessa potr\u00e0 raccogliere i Vostri dati personali inseriti durante la compilazione dei Form predisposti online e cartacei; potr\u00e0, pertanto, successivamente trattare i Vostri dati ai fini dell\u2019instaurazione del rapporto di iscrizione ai corsi di laurea e post laurea, compresa l\u2019attivit\u00e0 di orientamento per la scelta del percorso universitario;<br \/>\n2)\tattivit\u00e0 di informative promozionali telematiche dei corsi universitari e post-universitari, corsi di specializzazione e simili;<br \/>\n3)\tattivit\u00e0 contabili e amministrative relative alla corretta tenuta delle registrazioni obbligatorie per legge, ovvero all\u2019adempimento di disposizioni delle Autorit\u00e0 pubbliche e degli organismi di vigilanza preposti agli accertamenti.<\/p>\n<p>Il Titolare del trattamento e il Responsabile della protezione dei dati personali<br \/>\nTitolare del trattamento dei Vostri dati \u00e8 l\u2019Universit\u00e0 Niccol\u00f2 Cusano \u2013 Telematica Roma, con sede in Roma, Via Don Carlo Gnocchi, 3, con email: privacy@unicusano.it; tramite il https:\/\/www.unicusano.it\/ \u00e8 consultabile l\u2019elenco completo ed aggiornato dei responsabili del trattamento o destinatari. Vi informiamo, a tal riguardo, che l\u2019Universit\u00e0 ha provveduto a nominare il proprio Responsabile della protezione dei dati personali (c.d. RPD) l\u2019Avvocato Daniela Sasanelli, ad ulteriore garanzia dei Vostri diritti e come unico punto di contatto con l\u2019Autorit\u00e0 di Controllo. Il nostro RPD potr\u00e0 essere contattato alla seguente email: privacy@unicusano.it.<\/p>\n<p>Per lo svolgimento di parte delle nostre attivit\u00e0 ci rivolgiamo anche a soggetti terzi per l\u2019effettuazione di elaborazioni di dati necessari per l\u2019esecuzione di particolari compiti e di contratti. I Vostri dati personali potranno, pertanto, essere  comunicati a destinatari esterni alla nostra struttura, fermo restando che non \u00e8 prevista nessuna diffusione a soggetti indeterminati. Per tali adempimenti i soggetti terzi verranno nominati responsabili del trattamento.<\/p>\n<p>Conferimento dei dati personali e periodo di conservazione degli stessi<br \/>\nIl conferimento da parte Vostra dei dati personali, fatta eccezione per quelli previsti da specifiche norme di legge o regolamento, rimane facoltativo. Tuttavia, tali dati personali sono necessari, oltre che per finalit\u00e0 di legge e\/o regolamento, per instaurare il rapporto di iscrizione ai corsi di laurea, post laurea e perfezionamento e\/o inerente le attivit\u00e0 da noi gestite e\/o per l\u2019instaurazione del rapporto previdenziale, contrattuale o assicurativo; al fine di dare esecuzione alle relative obbligazioni, il rifiuto di fornirli alla nostra Universit\u00e0 potrebbe determinare l\u2019impossibilit\u00e0 di instaurare o dare esecuzione al suddetto rapporto. I vostri dati possono essere conservati oltre il periodo strettamente indispensabile previsto dagli obblighi di legge e comunque al solo fine di fornire ulteriori garanzie a Voi studenti.<\/p>\n<p>Diritti dell\u2019interessato, limitazione del trattamento, diritto alla portabilit\u00e0 e diritto di proporre azione innanzi al Garante privacy (c. d reclamo previsto dal regolamento europeo 2016\/679\/UE)<br \/>\nAi sensi del regolamento europeo sopra citato, avete diritto ad essere informati sul nome, la denominazione o la ragione sociale, il domicilio, la residenza o la sede del titolare e del responsabile del trattamento, circa le finalit\u00e0 e le modalit\u00e0 dello stesso, nonch\u00e9 di ottenere senza ritardo, a cura del titolare: a) la conferma dell\u2019esistenza o meno di dati personali che Vi riguardano, anche se non ancora registrati, e la comunicazione in forma intelligibile dei medesimi dati e della loro origine, nonch\u00e9 della logica e delle finalit\u00e0 su cui si basa il trattamento. Detta richiesta pu\u00f2 essere rinnovata, salva l\u2019esigenza per giustificati motivi; b) la cancellazione, la trasformazione in forma anonima o il blocco dei dati eventualmente trattati in violazione di legge, compresi quelli di cui non \u00e8 necessaria la conservazione in relazione agli scopi per i quali i dati sono stati raccolti o successivamente trattati; c) l\u2019aggiornamento, la rettifica o l\u2019integrazione dei dati; d) l\u2019attestazione che le operazioni di cui ai punti b) e c) sono state portate a conoscenza, anche per quanto riguarda il loro contenuto, di coloro ai quali i dati sono stati comunicati o diffusi, eccetto il caso in cui tale adempimento si riveli impossibile o comporti un impiego di mezzi manifestamente sproporzionato rispetto al diritto tutelato. Oltre ai diritti sopra elencati, nei limiti di quanto previsto dal nuovo regolamento europeo, potrete esercitare i diritti di limitazione del trattamento, di opposizione allo stesso ed il diritto alla portabilit\u00e0 esclusivamente per i dati personali da Voi forniti al titolare secondo l\u2019art. 20 del regolamento citato. Vi informiamo, inoltre. che in base al Codice della Privacy e al nuovo regolamento europeo potrete proporre azioni a tutela dei Vostri diritti innanzi al Garante per la protezione dei dati personali, c.d. reclamo previsto dall\u2019art. 77 del predetto regolamento. Si informa infine che, limitatamente ad alcuni dati che Vi riguardano potrete esercitare un diritto di revoca del consenso al trattamento dei dati comunicando tale revoca al titolare del trattamento, purch\u00e9 non inficiano l\u2019instaurazione e\/o prosecuzione del rapporto.<\/p>\n","protected":false},"excerpt":{"rendered":"<p>Informativa ai sensi dell\u2019art. 13 del Regolamento (UE) n. 679\/2016...","protected":false},"author":1,"featured_media":0,"parent":0,"menu_order":0,"comment_status":"closed","ping_status":"closed","template":"","meta":{"_acf_changed":false,"footnotes":""},"class_list":["post-33731","page","type-page","status-publish","hentry"],"acf":[],"yoast_head":"<!-- This site is optimized with the Yoast SEO plugin v26.1.1 - https:\/\/yoast.com\/wordpress\/plugins\/seo\/ -->\n<title>Privacy 2018 - Blog dell&#039;Universit\u00e0 Niccol\u00f2 Cusano<\/title>\n<meta name=\"robots\" content=\"index, follow, max-snippet:-1, max-image-preview:large, max-video-preview:-1\" \/>\n<link rel=\"canonical\" href=\"https:\/\/www.unicusano.it\/blog\/privacy-2018\/\" \/>\n<meta property=\"og:locale\" content=\"it_IT\" \/>\n<meta property=\"og:type\" content=\"article\" \/>\n<meta property=\"og:title\" content=\"Privacy 2018 - Blog dell&#039;Universit\u00e0 Niccol\u00f2 Cusano\" \/>\n<meta property=\"og:description\" content=\"Informativa ai sensi dell\u2019art. 13 del Regolamento (UE) n. 679\/2016 c.d. GDPR Vi informiamo, ai sensi dell\u2019art.13 del Regolamento UE 2016\/679 (c.d. Regolamento Generale per la protezione dei dati personali \u2013 c.d. GDPR) e del decreto Legislativo 30 giugno 2003, n. 196 \u201cCodice in materia di protezione dei dati personali\u201d, che i Vostri dati personali...\" \/>\n<meta property=\"og:url\" content=\"https:\/\/www.unicusano.it\/blog\/privacy-2018\/\" \/>\n<meta property=\"og:site_name\" content=\"Blog dell&#039;Universit\u00e0 Niccol\u00f2 Cusano\" \/>\n<meta property=\"article:publisher\" content=\"https:\/\/www.facebook.com\/universita.unicusano\/\" \/>\n<meta property=\"article:modified_time\" content=\"2018-05-31T14:40:53+00:00\" \/>\n<meta name=\"twitter:card\" content=\"summary_large_image\" \/>\n<meta name=\"twitter:site\" content=\"@unicusano\" \/>\n<meta name=\"twitter:label1\" content=\"Tempo di lettura stimato\" \/>\n\t<meta name=\"twitter:data1\" content=\"4 minuti\" \/>\n<script type=\"application\/ld+json\" class=\"yoast-schema-graph\">{\"@context\":\"https:\/\/schema.org\",\"@graph\":[{\"@type\":\"WebPage\",\"@id\":\"https:\/\/www.unicusano.it\/blog\/privacy-2018\/\",\"url\":\"https:\/\/www.unicusano.it\/blog\/privacy-2018\/\",\"name\":\"Privacy 2018 - Blog dell&#039;Universit\u00e0 Niccol\u00f2 Cusano\",\"isPartOf\":{\"@id\":\"https:\/\/www.unicusano.it\/blog\/#website\"},\"datePublished\":\"2018-05-25T12:06:26+00:00\",\"dateModified\":\"2018-05-31T14:40:53+00:00\",\"breadcrumb\":{\"@id\":\"https:\/\/www.unicusano.it\/blog\/privacy-2018\/#breadcrumb\"},\"inLanguage\":\"it-IT\",\"potentialAction\":[{\"@type\":\"ReadAction\",\"target\":[\"https:\/\/www.unicusano.it\/blog\/privacy-2018\/\"]}]},{\"@type\":\"BreadcrumbList\",\"@id\":\"https:\/\/www.unicusano.it\/blog\/privacy-2018\/#breadcrumb\",\"itemListElement\":[{\"@type\":\"ListItem\",\"position\":1,\"name\":\"Home\",\"item\":\"https:\/\/www.unicusano.it\/blog\/\"},{\"@type\":\"ListItem\",\"position\":2,\"name\":\"Privacy 2018\"}]},{\"@type\":\"WebSite\",\"@id\":\"https:\/\/www.unicusano.it\/blog\/#website\",\"url\":\"https:\/\/www.unicusano.it\/blog\/\",\"name\":\"Blog dell&#039;Universit\u00e0 Niccol\u00f2 Cusano\",\"description\":\"\",\"publisher\":{\"@id\":\"https:\/\/www.unicusano.it\/blog\/#organization\"},\"potentialAction\":[{\"@type\":\"SearchAction\",\"target\":{\"@type\":\"EntryPoint\",\"urlTemplate\":\"https:\/\/www.unicusano.it\/blog\/?s={search_term_string}\"},\"query-input\":{\"@type\":\"PropertyValueSpecification\",\"valueRequired\":true,\"valueName\":\"search_term_string\"}}],\"inLanguage\":\"it-IT\"},{\"@type\":\"Organization\",\"@id\":\"https:\/\/www.unicusano.it\/blog\/#organization\",\"name\":\"Universit\u00e0 Niccol\u00f2 Cusano\",\"url\":\"https:\/\/www.unicusano.it\/blog\/\",\"logo\":{\"@type\":\"ImageObject\",\"inLanguage\":\"it-IT\",\"@id\":\"https:\/\/www.unicusano.it\/blog\/#\/schema\/logo\/image\/\",\"url\":\"https:\/\/www.unicusano.it\/blog\/wp-content\/uploads\/2017\/04\/logo-blog-unicusano.png\",\"contentUrl\":\"https:\/\/www.unicusano.it\/blog\/wp-content\/uploads\/2017\/04\/logo-blog-unicusano.png\",\"width\":218,\"height\":130,\"caption\":\"Universit\u00e0 Niccol\u00f2 Cusano\"},\"image\":{\"@id\":\"https:\/\/www.unicusano.it\/blog\/#\/schema\/logo\/image\/\"},\"sameAs\":[\"https:\/\/www.facebook.com\/universita.unicusano\/\",\"https:\/\/x.com\/unicusano\",\"https:\/\/www.instagram.com\/unicusano\/\",\"https:\/\/www.linkedin.com\/school\/2539786\",\"https:\/\/www.pinterest.com\/unicusano\/\",\"https:\/\/www.youtube.com\/user\/younicusano\"]}]}<\/script>\n<!-- \/ Yoast SEO plugin. -->","yoast_head_json":{"title":"Privacy 2018 - Blog dell&#039;Universit\u00e0 Niccol\u00f2 Cusano","robots":{"index":"index","follow":"follow","max-snippet":"max-snippet:-1","max-image-preview":"max-image-preview:large","max-video-preview":"max-video-preview:-1"},"canonical":"https:\/\/www.unicusano.it\/blog\/privacy-2018\/","og_locale":"it_IT","og_type":"article","og_title":"Privacy 2018 - Blog dell&#039;Universit\u00e0 Niccol\u00f2 Cusano","og_description":"Informativa ai sensi dell\u2019art. 13 del Regolamento (UE) n. 679\/2016 c.d. GDPR Vi informiamo, ai sensi dell\u2019art.13 del Regolamento UE 2016\/679 (c.d. Regolamento Generale per la protezione dei dati personali \u2013 c.d. GDPR) e del decreto Legislativo 30 giugno 2003, n. 196 \u201cCodice in materia di protezione dei dati personali\u201d, che i Vostri dati personali...","og_url":"https:\/\/www.unicusano.it\/blog\/privacy-2018\/","og_site_name":"Blog dell&#039;Universit\u00e0 Niccol\u00f2 Cusano","article_publisher":"https:\/\/www.facebook.com\/universita.unicusano\/","article_modified_time":"2018-05-31T14:40:53+00:00","twitter_card":"summary_large_image","twitter_site":"@unicusano","twitter_misc":{"Tempo di lettura stimato":"4 minuti"},"schema":{"@context":"https:\/\/schema.org","@graph":[{"@type":"WebPage","@id":"https:\/\/www.unicusano.it\/blog\/privacy-2018\/","url":"https:\/\/www.unicusano.it\/blog\/privacy-2018\/","name":"Privacy 2018 - Blog dell&#039;Universit\u00e0 Niccol\u00f2 Cusano","isPartOf":{"@id":"https:\/\/www.unicusano.it\/blog\/#website"},"datePublished":"2018-05-25T12:06:26+00:00","dateModified":"2018-05-31T14:40:53+00:00","breadcrumb":{"@id":"https:\/\/www.unicusano.it\/blog\/privacy-2018\/#breadcrumb"},"inLanguage":"it-IT","potentialAction":[{"@type":"ReadAction","target":["https:\/\/www.unicusano.it\/blog\/privacy-2018\/"]}]},{"@type":"BreadcrumbList","@id":"https:\/\/www.unicusano.it\/blog\/privacy-2018\/#breadcrumb","itemListElement":[{"@type":"ListItem","position":1,"name":"Home","item":"https:\/\/www.unicusano.it\/blog\/"},{"@type":"ListItem","position":2,"name":"Privacy 2018"}]},{"@type":"WebSite","@id":"https:\/\/www.unicusano.it\/blog\/#website","url":"https:\/\/www.unicusano.it\/blog\/","name":"Blog dell&#039;Universit\u00e0 Niccol\u00f2 Cusano","description":"","publisher":{"@id":"https:\/\/www.unicusano.it\/blog\/#organization"},"potentialAction":[{"@type":"SearchAction","target":{"@type":"EntryPoint","urlTemplate":"https:\/\/www.unicusano.it\/blog\/?s={search_term_string}"},"query-input":{"@type":"PropertyValueSpecification","valueRequired":true,"valueName":"search_term_string"}}],"inLanguage":"it-IT"},{"@type":"Organization","@id":"https:\/\/www.unicusano.it\/blog\/#organization","name":"Universit\u00e0 Niccol\u00f2 Cusano","url":"https:\/\/www.unicusano.it\/blog\/","logo":{"@type":"ImageObject","inLanguage":"it-IT","@id":"https:\/\/www.unicusano.it\/blog\/#\/schema\/logo\/image\/","url":"https:\/\/www.unicusano.it\/blog\/wp-content\/uploads\/2017\/04\/logo-blog-unicusano.png","contentUrl":"https:\/\/www.unicusano.it\/blog\/wp-content\/uploads\/2017\/04\/logo-blog-unicusano.png","width":218,"height":130,"caption":"Universit\u00e0 Niccol\u00f2 Cusano"},"image":{"@id":"https:\/\/www.unicusano.it\/blog\/#\/schema\/logo\/image\/"},"sameAs":["https:\/\/www.facebook.com\/universita.unicusano\/","https:\/\/x.com\/unicusano","https:\/\/www.instagram.com\/unicusano\/","https:\/\/www.linkedin.com\/school\/2539786","https:\/\/www.pinterest.com\/unicusano\/","https:\/\/www.youtube.com\/user\/younicusano"]}]}},"_links":{"self":[{"href":"https:\/\/www.unicusano.it\/blog\/wp-json\/wp\/v2\/pages\/33731","targetHints":{"allow":["GET"]}}],"collection":[{"href":"https:\/\/www.unicusano.it\/blog\/wp-json\/wp\/v2\/pages"}],"about":[{"href":"https:\/\/www.unicusano.it\/blog\/wp-json\/wp\/v2\/types\/page"}],"author":[{"embeddable":true,"href":"https:\/\/www.unicusano.it\/blog\/wp-json\/wp\/v2\/users\/1"}],"replies":[{"embeddable":true,"href":"https:\/\/www.unicusano.it\/blog\/wp-json\/wp\/v2\/comments?post=33731"}],"version-history":[{"count":0,"href":"https:\/\/www.unicusano.it\/blog\/wp-json\/wp\/v2\/pages\/33731\/revisions"}],"wp:attachment":[{"href":"https:\/\/www.unicusano.it\/blog\/wp-json\/wp\/v2\/media?parent=33731"}],"curies":[{"name":"wp","href":"https:\/\/api.w.org\/{rel}","templated":true}]}}