{"id":3499,"date":"2014-02-06T15:30:01","date_gmt":"2014-02-06T14:30:01","guid":{"rendered":"http:\/\/www.unicusano.it\/blog\/?page_id=3499"},"modified":"2014-04-14T17:04:59","modified_gmt":"2014-04-14T15:04:59","slug":"unicusano","status":"publish","type":"page","link":"https:\/\/www.unicusano.it\/blog\/unicusano\/","title":{"rendered":"Unicusano"},"content":{"rendered":"<p>La UNICUSANO, Universit\u00e0 degli studi Niccol\u00f2 Cusano \u00e8 una Universit\u00e0 pubblica non statale istituita dal Miur con D.M. del 10\/5\/2006.<br \/>\nNella nuova era dominata dal digitale, la Unicusano rappresenta una realt\u00e0 all\u2019avanguardia che soddisfa la duplice esigenza di garantire una didattica erogata telematicamente con le pi\u00f9 aggiornate tecnologie informatiche e al contempo, fruibile in presenza presso il campus universitario ubicato a Roma.\u00a0La Unicusano ha numerosi centri e-learning in tutta Italia che svolgono attivit\u00e0 di supporto didattico e amministrativo allo studente.\u00a0<a title=\"Scopri di pi\u00f9 sull'Unicusano\" href=\"https:\/\/www.unicusano.it\/ateneo\/chi-siamo\">Read more<\/a><br \/>\n<a class=\"link-1\" href=\"https:\/\/www.unicusano.it\">Sito dell&#8217;Ateneo<\/a><a class=\"link-2\" href=\"https:\/\/www.unicusano.it\/universita\/corsi-di-laurea\">Offerta formativa<\/a><\/p>\n","protected":false},"excerpt":{"rendered":"<p>La UNICUSANO, Universit\u00e0 degli studi Niccol\u00f2 Cusano \u00e8 una Universit\u00e0...","protected":false},"author":1,"featured_media":0,"parent":0,"menu_order":0,"comment_status":"open","ping_status":"open","template":"unicusano.php","meta":{"_acf_changed":false,"footnotes":""},"class_list":["post-3499","page","type-page","status-publish","hentry"],"acf":[],"yoast_head":"<!-- This site is optimized with the Yoast SEO plugin v26.1.1 - https:\/\/yoast.com\/wordpress\/plugins\/seo\/ -->\n<title>Unicusano - Blog dell&#039;Universit\u00e0 Niccol\u00f2 Cusano<\/title>\n<meta name=\"robots\" content=\"index, follow, max-snippet:-1, max-image-preview:large, max-video-preview:-1\" \/>\n<link rel=\"canonical\" href=\"https:\/\/www.unicusano.it\/blog\/unicusano\/\" \/>\n<meta property=\"og:locale\" content=\"it_IT\" \/>\n<meta property=\"og:type\" content=\"article\" \/>\n<meta property=\"og:title\" content=\"Unicusano - Blog dell&#039;Universit\u00e0 Niccol\u00f2 Cusano\" \/>\n<meta property=\"og:description\" content=\"La UNICUSANO, Universit\u00e0 degli studi Niccol\u00f2 Cusano \u00e8 una Universit\u00e0 pubblica non statale istituita dal Miur con D.M. del 10\/5\/2006. Nella nuova era dominata dal digitale, la Unicusano rappresenta una realt\u00e0 all\u2019avanguardia che soddisfa la duplice esigenza di garantire una didattica erogata telematicamente con le pi\u00f9 aggiornate tecnologie informatiche e al contempo, fruibile in presenza...\" \/>\n<meta property=\"og:url\" content=\"https:\/\/www.unicusano.it\/blog\/unicusano\/\" \/>\n<meta property=\"og:site_name\" content=\"Blog dell&#039;Universit\u00e0 Niccol\u00f2 Cusano\" \/>\n<meta property=\"article:publisher\" content=\"https:\/\/www.facebook.com\/universita.unicusano\/\" \/>\n<meta property=\"article:modified_time\" content=\"2014-04-14T15:04:59+00:00\" \/>\n<meta name=\"twitter:card\" content=\"summary_large_image\" \/>\n<meta name=\"twitter:site\" content=\"@unicusano\" \/>\n<script type=\"application\/ld+json\" class=\"yoast-schema-graph\">{\"@context\":\"https:\/\/schema.org\",\"@graph\":[{\"@type\":\"WebPage\",\"@id\":\"https:\/\/www.unicusano.it\/blog\/unicusano\/\",\"url\":\"https:\/\/www.unicusano.it\/blog\/unicusano\/\",\"name\":\"Unicusano - Blog dell&#039;Universit\u00e0 Niccol\u00f2 Cusano\",\"isPartOf\":{\"@id\":\"https:\/\/www.unicusano.it\/blog\/#website\"},\"datePublished\":\"2014-02-06T14:30:01+00:00\",\"dateModified\":\"2014-04-14T15:04:59+00:00\",\"breadcrumb\":{\"@id\":\"https:\/\/www.unicusano.it\/blog\/unicusano\/#breadcrumb\"},\"inLanguage\":\"it-IT\",\"potentialAction\":[{\"@type\":\"ReadAction\",\"target\":[\"https:\/\/www.unicusano.it\/blog\/unicusano\/\"]}]},{\"@type\":\"BreadcrumbList\",\"@id\":\"https:\/\/www.unicusano.it\/blog\/unicusano\/#breadcrumb\",\"itemListElement\":[{\"@type\":\"ListItem\",\"position\":1,\"name\":\"Home\",\"item\":\"https:\/\/www.unicusano.it\/blog\/\"},{\"@type\":\"ListItem\",\"position\":2,\"name\":\"Unicusano\"}]},{\"@type\":\"WebSite\",\"@id\":\"https:\/\/www.unicusano.it\/blog\/#website\",\"url\":\"https:\/\/www.unicusano.it\/blog\/\",\"name\":\"Blog dell&#039;Universit\u00e0 Niccol\u00f2 Cusano\",\"description\":\"\",\"publisher\":{\"@id\":\"https:\/\/www.unicusano.it\/blog\/#organization\"},\"potentialAction\":[{\"@type\":\"SearchAction\",\"target\":{\"@type\":\"EntryPoint\",\"urlTemplate\":\"https:\/\/www.unicusano.it\/blog\/?s={search_term_string}\"},\"query-input\":{\"@type\":\"PropertyValueSpecification\",\"valueRequired\":true,\"valueName\":\"search_term_string\"}}],\"inLanguage\":\"it-IT\"},{\"@type\":\"Organization\",\"@id\":\"https:\/\/www.unicusano.it\/blog\/#organization\",\"name\":\"Universit\u00e0 Niccol\u00f2 Cusano\",\"url\":\"https:\/\/www.unicusano.it\/blog\/\",\"logo\":{\"@type\":\"ImageObject\",\"inLanguage\":\"it-IT\",\"@id\":\"https:\/\/www.unicusano.it\/blog\/#\/schema\/logo\/image\/\",\"url\":\"https:\/\/www.unicusano.it\/blog\/wp-content\/uploads\/2017\/04\/logo-blog-unicusano.png\",\"contentUrl\":\"https:\/\/www.unicusano.it\/blog\/wp-content\/uploads\/2017\/04\/logo-blog-unicusano.png\",\"width\":218,\"height\":130,\"caption\":\"Universit\u00e0 Niccol\u00f2 Cusano\"},\"image\":{\"@id\":\"https:\/\/www.unicusano.it\/blog\/#\/schema\/logo\/image\/\"},\"sameAs\":[\"https:\/\/www.facebook.com\/universita.unicusano\/\",\"https:\/\/x.com\/unicusano\",\"https:\/\/www.instagram.com\/unicusano\/\",\"https:\/\/www.linkedin.com\/school\/2539786\",\"https:\/\/www.pinterest.com\/unicusano\/\",\"https:\/\/www.youtube.com\/user\/younicusano\"]}]}<\/script>\n<!-- \/ Yoast SEO plugin. -->","yoast_head_json":{"title":"Unicusano - Blog dell&#039;Universit\u00e0 Niccol\u00f2 Cusano","robots":{"index":"index","follow":"follow","max-snippet":"max-snippet:-1","max-image-preview":"max-image-preview:large","max-video-preview":"max-video-preview:-1"},"canonical":"https:\/\/www.unicusano.it\/blog\/unicusano\/","og_locale":"it_IT","og_type":"article","og_title":"Unicusano - Blog dell&#039;Universit\u00e0 Niccol\u00f2 Cusano","og_description":"La UNICUSANO, Universit\u00e0 degli studi Niccol\u00f2 Cusano \u00e8 una Universit\u00e0 pubblica non statale istituita dal Miur con D.M. del 10\/5\/2006. Nella nuova era dominata dal digitale, la Unicusano rappresenta una realt\u00e0 all\u2019avanguardia che soddisfa la duplice esigenza di garantire una didattica erogata telematicamente con le pi\u00f9 aggiornate tecnologie informatiche e al contempo, fruibile in presenza...","og_url":"https:\/\/www.unicusano.it\/blog\/unicusano\/","og_site_name":"Blog dell&#039;Universit\u00e0 Niccol\u00f2 Cusano","article_publisher":"https:\/\/www.facebook.com\/universita.unicusano\/","article_modified_time":"2014-04-14T15:04:59+00:00","twitter_card":"summary_large_image","twitter_site":"@unicusano","schema":{"@context":"https:\/\/schema.org","@graph":[{"@type":"WebPage","@id":"https:\/\/www.unicusano.it\/blog\/unicusano\/","url":"https:\/\/www.unicusano.it\/blog\/unicusano\/","name":"Unicusano - Blog dell&#039;Universit\u00e0 Niccol\u00f2 Cusano","isPartOf":{"@id":"https:\/\/www.unicusano.it\/blog\/#website"},"datePublished":"2014-02-06T14:30:01+00:00","dateModified":"2014-04-14T15:04:59+00:00","breadcrumb":{"@id":"https:\/\/www.unicusano.it\/blog\/unicusano\/#breadcrumb"},"inLanguage":"it-IT","potentialAction":[{"@type":"ReadAction","target":["https:\/\/www.unicusano.it\/blog\/unicusano\/"]}]},{"@type":"BreadcrumbList","@id":"https:\/\/www.unicusano.it\/blog\/unicusano\/#breadcrumb","itemListElement":[{"@type":"ListItem","position":1,"name":"Home","item":"https:\/\/www.unicusano.it\/blog\/"},{"@type":"ListItem","position":2,"name":"Unicusano"}]},{"@type":"WebSite","@id":"https:\/\/www.unicusano.it\/blog\/#website","url":"https:\/\/www.unicusano.it\/blog\/","name":"Blog dell&#039;Universit\u00e0 Niccol\u00f2 Cusano","description":"","publisher":{"@id":"https:\/\/www.unicusano.it\/blog\/#organization"},"potentialAction":[{"@type":"SearchAction","target":{"@type":"EntryPoint","urlTemplate":"https:\/\/www.unicusano.it\/blog\/?s={search_term_string}"},"query-input":{"@type":"PropertyValueSpecification","valueRequired":true,"valueName":"search_term_string"}}],"inLanguage":"it-IT"},{"@type":"Organization","@id":"https:\/\/www.unicusano.it\/blog\/#organization","name":"Universit\u00e0 Niccol\u00f2 Cusano","url":"https:\/\/www.unicusano.it\/blog\/","logo":{"@type":"ImageObject","inLanguage":"it-IT","@id":"https:\/\/www.unicusano.it\/blog\/#\/schema\/logo\/image\/","url":"https:\/\/www.unicusano.it\/blog\/wp-content\/uploads\/2017\/04\/logo-blog-unicusano.png","contentUrl":"https:\/\/www.unicusano.it\/blog\/wp-content\/uploads\/2017\/04\/logo-blog-unicusano.png","width":218,"height":130,"caption":"Universit\u00e0 Niccol\u00f2 Cusano"},"image":{"@id":"https:\/\/www.unicusano.it\/blog\/#\/schema\/logo\/image\/"},"sameAs":["https:\/\/www.facebook.com\/universita.unicusano\/","https:\/\/x.com\/unicusano","https:\/\/www.instagram.com\/unicusano\/","https:\/\/www.linkedin.com\/school\/2539786","https:\/\/www.pinterest.com\/unicusano\/","https:\/\/www.youtube.com\/user\/younicusano"]}]}},"_links":{"self":[{"href":"https:\/\/www.unicusano.it\/blog\/wp-json\/wp\/v2\/pages\/3499","targetHints":{"allow":["GET"]}}],"collection":[{"href":"https:\/\/www.unicusano.it\/blog\/wp-json\/wp\/v2\/pages"}],"about":[{"href":"https:\/\/www.unicusano.it\/blog\/wp-json\/wp\/v2\/types\/page"}],"author":[{"embeddable":true,"href":"https:\/\/www.unicusano.it\/blog\/wp-json\/wp\/v2\/users\/1"}],"replies":[{"embeddable":true,"href":"https:\/\/www.unicusano.it\/blog\/wp-json\/wp\/v2\/comments?post=3499"}],"version-history":[{"count":0,"href":"https:\/\/www.unicusano.it\/blog\/wp-json\/wp\/v2\/pages\/3499\/revisions"}],"wp:attachment":[{"href":"https:\/\/www.unicusano.it\/blog\/wp-json\/wp\/v2\/media?parent=3499"}],"curies":[{"name":"wp","href":"https:\/\/api.w.org\/{rel}","templated":true}]}}